{"id":9468,"date":"2024-01-30T05:09:05","date_gmt":"2024-01-30T05:09:05","guid":{"rendered":"http:\/\/studionera.com\/?page_id=9468"},"modified":"2025-07-09T06:43:07","modified_gmt":"2025-07-09T06:43:07","slug":"biz","status":"publish","type":"page","link":"https:\/\/studionera.com\/en\/biz\/","title":{"rendered":"About Us"},"content":{"rendered":"<div data-elementor-type=\"wp-page\" data-elementor-id=\"9468\" class=\"elementor elementor-9468\">\n\t\t\t\t\t\t<section class=\"elementor-section elementor-top-section elementor-element elementor-element-e5ee8d4 elementor-section-full_width elementor-reverse-mobile elementor-section-height-default elementor-section-height-default qodef-elementor-content-no qodef-elementor-column-no\" data-id=\"e5ee8d4\" data-element_type=\"section\" data-e-type=\"section\">\n\t\t\t\t\t\t<div class=\"elementor-container elementor-column-gap-default\">\n\t\t\t\t\t<div class=\"elementor-column elementor-col-100 elementor-top-column elementor-element elementor-element-fa70e4f\" data-id=\"fa70e4f\" data-element_type=\"column\" data-e-type=\"column\">\n\t\t\t<div class=\"elementor-widget-wrap elementor-element-populated\">\n\t\t\t\t\t\t<div class=\"elementor-element elementor-element-925152f elementor-widget__width-inherit elementor-widget elementor-widget-text-editor\" data-id=\"925152f\" data-element_type=\"widget\" data-e-type=\"widget\" data-widget_type=\"text-editor.default\">\n\t\t\t\t<div class=\"elementor-widget-container\">\n\t\t\t\t\t\t\t\t\t<section id=\"yui_3_17_2_1_1706590656807_450\" class=\"page-section layout-engine-section background-width--full-bleed section-height--medium content-width--narrow horizontal-alignment--center vertical-alignment--middle\" data-test=\"page-section\" data-section-theme=\"\" data-section-id=\"6193c1f9a5f8e63dfc292547\" data-controller=\"SectionWrapperController\" data-current-styles=\"{ &quot;imageOverlayOpacity&quot;: 0.15, &quot;backgroundWidth&quot;: &quot;background-width--full-bleed&quot;, &quot;sectionHeight&quot;: &quot;section-height--medium&quot;, &quot;horizontalAlignment&quot;: &quot;horizontal-alignment--center&quot;, &quot;verticalAlignment&quot;: &quot;vertical-alignment--middle&quot;, &quot;contentWidth&quot;: &quot;content-width--narrow&quot;, &quot;sectionAnimation&quot;: &quot;none&quot;, &quot;backgroundMode&quot;: &quot;image&quot; }\" data-current-context=\"{ &quot;video&quot;: { &quot;playbackSpeed&quot;: 0.5, &quot;filter&quot;: 2, &quot;filterStrength&quot;: 0, &quot;zoom&quot;: 0, &quot;videoSourceProvider&quot;: &quot;none&quot; }, &quot;backgroundImageId&quot;: null, &quot;backgroundMediaEffect&quot;: null, &quot;divider&quot;: null, &quot;typeName&quot;: &quot;page&quot; }\" data-animation=\"none\" data-controllers-bound=\"SectionWrapperController\" data-active=\"true\"><div id=\"yui_3_17_2_1_1706590656807_449\" class=\"content-wrapper\"><div id=\"yui_3_17_2_1_1706590656807_448\" class=\"content\"><div id=\"page-section-6193c1f9a5f8e63dfc292547\" class=\"sqs-layout sqs-grid-12 columns-12\" data-type=\"page-section\"><div id=\"yui_3_17_2_1_1706590656807_447\" class=\"row sqs-row\"><div id=\"yui_3_17_2_1_1706590656807_446\" class=\"col sqs-col-12 span-12\"><div id=\"block-bbca66e3e57c98d1f2e3\" class=\"sqs-block html-block sqs-block-html\" data-block-type=\"2\"><div id=\"yui_3_17_2_1_1706590656807_453\" class=\"sqs-block-content\"><div id=\"yui_3_17_2_1_1706590656807_452\" class=\"sqs-html-content\"><h4 id=\"yui_3_17_2_1_1706590656807_451\" class=\"preFade fadeIn\">Everything starts with an idea. Maybe you want to start a business. Maybe you want to turn a hobby into something more, or maybe you have a creative project to share with the world. No matter what, the way you tell your story can make all the difference.<\/h4><\/div><\/div><\/div><\/div><\/div><\/div><\/div><\/div><\/section><section id=\"yui_3_17_2_1_1706590656807_311\" class=\"page-section layout-engine-section background-width--full-bleed section-height--medium content-width--wide horizontal-alignment--center vertical-alignment--middle\" data-test=\"page-section\" data-section-theme=\"\" data-section-id=\"6193d0ea69907101475467f8\" data-controller=\"SectionWrapperController\" data-current-styles=\"{ &quot;imageOverlayOpacity&quot;: 0.15, &quot;backgroundWidth&quot;: &quot;background-width--full-bleed&quot;, &quot;sectionHeight&quot;: &quot;section-height--medium&quot;, &quot;horizontalAlignment&quot;: &quot;horizontal-alignment--center&quot;, &quot;verticalAlignment&quot;: &quot;vertical-alignment--middle&quot;, &quot;contentWidth&quot;: &quot;content-width--wide&quot;, &quot;sectionAnimation&quot;: &quot;none&quot;, &quot;backgroundMode&quot;: &quot;image&quot; }\" data-current-context=\"{ &quot;video&quot;: { &quot;playbackSpeed&quot;: 0.5, &quot;filter&quot;: 2, &quot;filterStrength&quot;: 0, &quot;zoom&quot;: 0, &quot;videoSourceProvider&quot;: &quot;none&quot; }, &quot;backgroundImageId&quot;: null, &quot;backgroundMediaEffect&quot;: null, &quot;divider&quot;: null, &quot;typeName&quot;: &quot;page&quot; }\" data-animation=\"none\" data-controllers-bound=\"SectionWrapperController\" data-active=\"true\"><div class=\"section-border\">\u00a0<\/div><\/section>\t\t\t\t\t\t\t\t<\/div>\n\t\t\t\t<\/div>\n\t\t\t\t\t<\/div>\n\t\t<\/div>\n\t\t\t\t\t<\/div>\n\t\t<\/section>\n\t\t\t\t<section class=\"elementor-section elementor-top-section elementor-element elementor-element-697f2bd elementor-section-full_width elementor-reverse-mobile elementor-section-height-default elementor-section-height-default qodef-elementor-content-no qodef-elementor-column-no\" data-id=\"697f2bd\" data-element_type=\"section\" data-e-type=\"section\">\n\t\t\t\t\t\t<div class=\"elementor-container elementor-column-gap-default\">\n\t\t\t\t\t<div class=\"elementor-column elementor-col-50 elementor-top-column elementor-element elementor-element-3bf3633\" data-id=\"3bf3633\" data-element_type=\"column\" data-e-type=\"column\">\n\t\t\t<div class=\"elementor-widget-wrap elementor-element-populated\">\n\t\t\t\t\t\t<div class=\"elementor-element elementor-element-d5430d0 elementor-widget elementor-widget-text-editor\" data-id=\"d5430d0\" data-element_type=\"widget\" data-e-type=\"widget\" data-widget_type=\"text-editor.default\">\n\t\t\t\t<div class=\"elementor-widget-container\">\n\t\t\t\t\t\t\t\t\t<section id=\"yui_3_17_2_1_1706590656807_450\" class=\"page-section layout-engine-section background-width--full-bleed section-height--medium content-width--narrow horizontal-alignment--center vertical-alignment--middle\" data-test=\"page-section\" data-section-theme=\"\" data-section-id=\"6193c1f9a5f8e63dfc292547\" data-controller=\"SectionWrapperController\" data-current-styles=\"{ &quot;imageOverlayOpacity&quot;: 0.15, &quot;backgroundWidth&quot;: &quot;background-width--full-bleed&quot;, &quot;sectionHeight&quot;: &quot;section-height--medium&quot;, &quot;horizontalAlignment&quot;: &quot;horizontal-alignment--center&quot;, &quot;verticalAlignment&quot;: &quot;vertical-alignment--middle&quot;, &quot;contentWidth&quot;: &quot;content-width--narrow&quot;, &quot;sectionAnimation&quot;: &quot;none&quot;, &quot;backgroundMode&quot;: &quot;image&quot; }\" data-current-context=\"{ &quot;video&quot;: { &quot;playbackSpeed&quot;: 0.5, &quot;filter&quot;: 2, &quot;filterStrength&quot;: 0, &quot;zoom&quot;: 0, &quot;videoSourceProvider&quot;: &quot;none&quot; }, &quot;backgroundImageId&quot;: null, &quot;backgroundMediaEffect&quot;: null, &quot;divider&quot;: null, &quot;typeName&quot;: &quot;page&quot; }\" data-animation=\"none\" data-controllers-bound=\"SectionWrapperController\" data-active=\"true\"><div id=\"yui_3_17_2_1_1706590656807_449\" class=\"content-wrapper\"><div id=\"yui_3_17_2_1_1706590656807_448\" class=\"content\"><div id=\"page-section-6193c1f9a5f8e63dfc292547\" class=\"sqs-layout sqs-grid-12 columns-12\" data-type=\"page-section\"><div id=\"yui_3_17_2_1_1706590656807_447\" class=\"row sqs-row\"><div id=\"yui_3_17_2_1_1706590656807_446\" class=\"col sqs-col-12 span-12\"><div id=\"block-bbca66e3e57c98d1f2e3\" class=\"sqs-block html-block sqs-block-html\" data-block-type=\"2\"><div id=\"yui_3_17_2_1_1706590656807_453\" class=\"sqs-block-content\"><div id=\"yui_3_17_2_1_1706590656807_452\" class=\"sqs-html-content\"><h5 class=\"preFade fadeIn\">Studio Nera is a creative process studio based on the immersive and inspiring journeys its founders undertake with their clients and partners, informed by their understanding of the personality of a design and their conceptual approach to creating designs that unlock new meaningful dimensions.<\/h5><h5 class=\"preFade fadeIn\">Studio Nera was founded by Serra Suner and \u0130lke \u015eent\u00fcrk, who create a strong team spirit with their passion for design and determination to create real impact. After completing their undergraduate education at Yeditepe University Department of Architecture, \u0130lke and Serra graduated from Universita Degli Studi di Firenze with a master's degree in architectural design. The duo, who are involved in various freelance works, workshops and competitions, as well as volunteer-based design formations, have combined their creative processes under the roof of Studio Nera.<\/h5><h5 class=\"preFade fadeIn\">The city of Florence, where they lived during their graduate studies, influenced the couple's lives as well as their design approaches, and they brought this understanding to Studio Nera.<\/h5><\/div><\/div><\/div><\/div><\/div><\/div><\/div><\/div><\/section>\t\t\t\t\t\t\t\t<\/div>\n\t\t\t\t<\/div>\n\t\t\t\t\t<\/div>\n\t\t<\/div>\n\t\t\t\t<div class=\"elementor-column elementor-col-50 elementor-top-column elementor-element elementor-element-2c68eb8\" data-id=\"2c68eb8\" data-element_type=\"column\" data-e-type=\"column\">\n\t\t\t<div class=\"elementor-widget-wrap elementor-element-populated\">\n\t\t\t\t\t\t<div class=\"elementor-element elementor-element-a1962ec elementor-widget elementor-widget-image\" data-id=\"a1962ec\" data-element_type=\"widget\" data-e-type=\"widget\" data-widget_type=\"image.default\">\n\t\t\t\t<div class=\"elementor-widget-container\">\n\t\t\t\t\t\t\t\t\t\t\t\t\t\t\t<img fetchpriority=\"high\" decoding=\"async\" width=\"1441\" height=\"2560\" src=\"https:\/\/studionera.com\/wp-content\/uploads\/2025\/02\/ilk-ser-scaled.jpg\" class=\"attachment-full size-full wp-image-9999\" alt=\"\" srcset=\"https:\/\/studionera.com\/wp-content\/uploads\/2025\/02\/ilk-ser-scaled.jpg 1441w, https:\/\/studionera.com\/wp-content\/uploads\/2025\/02\/ilk-ser-169x300.jpg 169w, https:\/\/studionera.com\/wp-content\/uploads\/2025\/02\/ilk-ser-576x1024.jpg 576w, https:\/\/studionera.com\/wp-content\/uploads\/2025\/02\/ilk-ser-768x1365.jpg 768w, https:\/\/studionera.com\/wp-content\/uploads\/2025\/02\/ilk-ser-864x1536.jpg 864w, https:\/\/studionera.com\/wp-content\/uploads\/2025\/02\/ilk-ser-1153x2048.jpg 1153w, https:\/\/studionera.com\/wp-content\/uploads\/2025\/02\/ilk-ser-7x12.jpg 7w, https:\/\/studionera.com\/wp-content\/uploads\/2025\/02\/ilk-ser-600x1066.jpg 600w\" sizes=\"(max-width: 1441px) 100vw, 1441px\" \/>\t\t\t\t\t\t\t\t\t\t\t\t\t\t\t<\/div>\n\t\t\t\t<\/div>\n\t\t\t\t\t<\/div>\n\t\t<\/div>\n\t\t\t\t\t<\/div>\n\t\t<\/section>\n\t\t\t\t<\/div>","protected":false},"excerpt":{"rendered":"<p>Her \u015fey bir fikirle ba\u015flar. Belki bir i\u015f kurmak istersiniz. Belki bir hobiyi daha fazla bir \u015feye d\u00f6n\u00fc\u015ft\u00fcrmek istersiniz ya da belki d\u00fcnyayla payla\u015facak yarat\u0131c\u0131 bir projeniz vard\u0131r. Ne olursa olsun, hikayenizi anlatma \u015fekliniz her \u015feyi de\u011fi\u015ftirebilir. \u00a0 Studio Nera, kurucular\u0131n\u0131n bir tasar\u0131m\u0131n ki\u015fili\u011fine ili\u015fkin anlay\u0131\u015flar\u0131 ve yeni anlaml\u0131 boyutlar\u0131n kilidini a\u00e7an tasar\u0131mlar yaratmaya y\u00f6nelik [&hellip;]<\/p>\n","protected":false},"author":1,"featured_media":0,"parent":0,"menu_order":0,"comment_status":"closed","ping_status":"closed","template":"page-full-width.php","meta":{"footnotes":""},"class_list":["post-9468","page","type-page","status-publish","hentry"],"_links":{"self":[{"href":"https:\/\/studionera.com\/en\/wp-json\/wp\/v2\/pages\/9468","targetHints":{"allow":["GET"]}}],"collection":[{"href":"https:\/\/studionera.com\/en\/wp-json\/wp\/v2\/pages"}],"about":[{"href":"https:\/\/studionera.com\/en\/wp-json\/wp\/v2\/types\/page"}],"author":[{"embeddable":true,"href":"https:\/\/studionera.com\/en\/wp-json\/wp\/v2\/users\/1"}],"replies":[{"embeddable":true,"href":"https:\/\/studionera.com\/en\/wp-json\/wp\/v2\/comments?post=9468"}],"version-history":[{"count":25,"href":"https:\/\/studionera.com\/en\/wp-json\/wp\/v2\/pages\/9468\/revisions"}],"predecessor-version":[{"id":10035,"href":"https:\/\/studionera.com\/en\/wp-json\/wp\/v2\/pages\/9468\/revisions\/10035"}],"wp:attachment":[{"href":"https:\/\/studionera.com\/en\/wp-json\/wp\/v2\/media?parent=9468"}],"curies":[{"name":"wp","href":"https:\/\/api.w.org\/{rel}","templated":true}]}}