{"id":9474,"date":"2024-01-30T05:42:03","date_gmt":"2024-01-30T05:42:03","guid":{"rendered":"http:\/\/studionera.com\/?page_id=9474"},"modified":"2024-02-07T18:44:50","modified_gmt":"2024-02-07T18:44:50","slug":"servislerimiz","status":"publish","type":"page","link":"https:\/\/studionera.com\/en\/servislerimiz\/","title":{"rendered":"Our Services"},"content":{"rendered":"<div data-elementor-type=\"wp-page\" data-elementor-id=\"9474\" class=\"elementor elementor-9474\">\n\t\t\t\t\t\t<section class=\"elementor-section elementor-top-section elementor-element elementor-element-f2dfa4c elementor-section-full_width elementor-section-height-default elementor-section-height-default qodef-elementor-content-no qodef-elementor-column-no\" data-id=\"f2dfa4c\" data-element_type=\"section\" data-e-type=\"section\">\n\t\t\t\t\t\t<div class=\"elementor-container elementor-column-gap-default\">\n\t\t\t\t\t<div class=\"elementor-column elementor-col-50 elementor-top-column elementor-element elementor-element-9af28c2\" data-id=\"9af28c2\" data-element_type=\"column\" data-e-type=\"column\">\n\t\t\t<div class=\"elementor-widget-wrap elementor-element-populated\">\n\t\t\t\t\t\t<div class=\"elementor-element elementor-element-77368f5 elementor-widget elementor-widget-text-editor\" data-id=\"77368f5\" data-element_type=\"widget\" data-e-type=\"widget\" data-widget_type=\"text-editor.default\">\n\t\t\t\t<div class=\"elementor-widget-container\">\n\t\t\t\t\t\t\t\t\t<h3 class=\"p1\">Design is the universal language that connects us to each other; It is the sensory feeling that brings us together and the wonderful tool that makes our lives beautiful.<\/h3>\t\t\t\t\t\t\t\t<\/div>\n\t\t\t\t<\/div>\n\t\t\t\t\t<\/div>\n\t\t<\/div>\n\t\t\t\t<div class=\"elementor-column elementor-col-50 elementor-top-column elementor-element elementor-element-e47c4d2\" data-id=\"e47c4d2\" data-element_type=\"column\" data-e-type=\"column\">\n\t\t\t<div class=\"elementor-widget-wrap\">\n\t\t\t\t\t\t\t<\/div>\n\t\t<\/div>\n\t\t\t\t\t<\/div>\n\t\t<\/section>\n\t\t\t\t<section class=\"elementor-section elementor-top-section elementor-element elementor-element-c88ea2b elementor-section-full_width elementor-section-height-default elementor-section-height-default qodef-elementor-content-no qodef-elementor-column-no\" data-id=\"c88ea2b\" data-element_type=\"section\" data-e-type=\"section\">\n\t\t\t\t\t\t<div class=\"elementor-container elementor-column-gap-default\">\n\t\t\t\t\t<div class=\"elementor-column elementor-col-100 elementor-top-column elementor-element elementor-element-7f3362e\" data-id=\"7f3362e\" data-element_type=\"column\" data-e-type=\"column\">\n\t\t\t<div class=\"elementor-widget-wrap\">\n\t\t\t\t\t\t\t<\/div>\n\t\t<\/div>\n\t\t\t\t\t<\/div>\n\t\t<\/section>\n\t\t\t\t<section class=\"elementor-section elementor-top-section elementor-element elementor-element-0fa9adf elementor-section-full_width elementor-section-height-default elementor-section-height-default qodef-elementor-content-no qodef-elementor-column-no\" data-id=\"0fa9adf\" data-element_type=\"section\" data-e-type=\"section\">\n\t\t\t\t\t\t<div class=\"elementor-container elementor-column-gap-default\">\n\t\t\t\t\t<div class=\"elementor-column elementor-col-33 elementor-top-column elementor-element elementor-element-8d9f874\" data-id=\"8d9f874\" data-element_type=\"column\" data-e-type=\"column\">\n\t\t\t<div class=\"elementor-widget-wrap elementor-element-populated\">\n\t\t\t\t\t\t<div class=\"elementor-element elementor-element-61a44af4 qodef--underline elementor-widget elementor-widget-text-editor\" data-id=\"61a44af4\" data-element_type=\"widget\" data-e-type=\"widget\" data-widget_type=\"text-editor.default\">\n\t\t\t\t<div class=\"elementor-widget-container\">\n\t\t\t\t\t\t\t\t\t<h3>Our Services<\/h3>\t\t\t\t\t\t\t\t<\/div>\n\t\t\t\t<\/div>\n\t\t\t\t\t<\/div>\n\t\t<\/div>\n\t\t\t\t<div class=\"elementor-column elementor-col-33 elementor-top-column elementor-element elementor-element-a4c3af5\" data-id=\"a4c3af5\" data-element_type=\"column\" data-e-type=\"column\">\n\t\t\t<div class=\"elementor-widget-wrap elementor-element-populated\">\n\t\t\t\t\t\t<div class=\"elementor-element elementor-element-b6531bb elementor-widget elementor-widget-text-editor\" data-id=\"b6531bb\" data-element_type=\"widget\" data-e-type=\"widget\" data-widget_type=\"text-editor.default\">\n\t\t\t\t<div class=\"elementor-widget-container\">\n\t\t\t\t\t\t\t\t\t<h3 id=\"yui_3_17_2_1_1706591785805_454\" class=\"preFade fadeIn\">Architecture<\/h3>\t\t\t\t\t\t\t\t<\/div>\n\t\t\t\t<\/div>\n\t\t\t\t<div class=\"elementor-element elementor-element-6b8984b elementor-widget elementor-widget-text-editor\" data-id=\"6b8984b\" data-element_type=\"widget\" data-e-type=\"widget\" data-widget_type=\"text-editor.default\">\n\t\t\t\t<div class=\"elementor-widget-container\">\n\t\t\t\t\t\t\t\t\t<div id=\"yui_3_17_2_1_1706591785805_447\" class=\"col sqs-col-4 span-4\"><div id=\"block-6014a249ea84e9054546\" class=\"sqs-block html-block sqs-block-html\" data-block-type=\"2\"><div id=\"yui_3_17_2_1_1706591785805_456\" class=\"sqs-block-content\"><div id=\"yui_3_17_2_1_1706591785805_455\" class=\"sqs-html-content\"><h5 id=\"yui_3_17_2_1_1706591785805_467\" class=\"preFade fadeIn\">Underpinned by a rigorous research, development process and inspired by the creativity that comes from the designer's close collaboration with their clients, we take a bespoke approach to each project at Studio Nera. We create better spaces, better conditions and better experiences.<\/h5><\/div><\/div><\/div><\/div><div class=\"col sqs-col-8 span-8\"><div class=\"row sqs-row\"><div class=\"col sqs-col-4 span-4\"><div id=\"block-9f838da2b3d7fd3ea9a2\" class=\"sqs-block html-block sqs-block-html\" data-block-type=\"2\"><div class=\"sqs-block-content\"><div class=\"sqs-html-content\">\u00a0<\/div><\/div><\/div><\/div><\/div><\/div>\t\t\t\t\t\t\t\t<\/div>\n\t\t\t\t<\/div>\n\t\t\t\t\t<\/div>\n\t\t<\/div>\n\t\t\t\t<div class=\"elementor-column elementor-col-33 elementor-top-column elementor-element elementor-element-5add59a\" data-id=\"5add59a\" data-element_type=\"column\" data-e-type=\"column\">\n\t\t\t<div class=\"elementor-widget-wrap elementor-element-populated\">\n\t\t\t\t\t\t<div class=\"elementor-element elementor-element-c9d9795 elementor-widget elementor-widget-text-editor\" data-id=\"c9d9795\" data-element_type=\"widget\" data-e-type=\"widget\" data-widget_type=\"text-editor.default\">\n\t\t\t\t<div class=\"elementor-widget-container\">\n\t\t\t\t\t\t\t\t\t<h3 id=\"yui_3_17_2_1_1706591785805_478\" class=\"preFade fadeIn\">Interior Architecture<\/h3>\t\t\t\t\t\t\t\t<\/div>\n\t\t\t\t<\/div>\n\t\t\t\t<div class=\"elementor-element elementor-element-3e586f5 elementor-widget elementor-widget-text-editor\" data-id=\"3e586f5\" data-element_type=\"widget\" data-e-type=\"widget\" data-widget_type=\"text-editor.default\">\n\t\t\t\t<div class=\"elementor-widget-container\">\n\t\t\t\t\t\t\t\t\t<div id=\"yui_3_17_2_1_1706591785805_475\" class=\"col sqs-col-4 span-4\"><div id=\"block-9f838da2b3d7fd3ea9a2\" class=\"sqs-block html-block sqs-block-html\" data-block-type=\"2\"><div id=\"yui_3_17_2_1_1706591785805_480\" class=\"sqs-block-content\"><div id=\"yui_3_17_2_1_1706591785805_479\" class=\"sqs-html-content\"><h5 id=\"yui_3_17_2_1_1706591785805_487\" class=\"preFade fadeIn\">We work at a variety of scales, from the door handle, which is the first point of contact in a building, to interiors and large-scale building facades. We create thoughtfully crafted spaces that enhance the end users' experience.<\/h5><\/div><\/div><\/div><\/div><div class=\"col sqs-col-4 span-4\"><div id=\"block-8f5ff6ebb0adee3e93c3\" class=\"sqs-block html-block sqs-block-html\" data-block-type=\"2\"><div class=\"sqs-block-content\"><h5 class=\"sqs-html-content\">\u00a0<\/h5><\/div><\/div><\/div>\t\t\t\t\t\t\t\t<\/div>\n\t\t\t\t<\/div>\n\t\t\t\t\t<\/div>\n\t\t<\/div>\n\t\t\t\t\t<\/div>\n\t\t<\/section>\n\t\t\t\t<section class=\"elementor-section elementor-top-section elementor-element elementor-element-e5d596c elementor-section-full_width elementor-section-height-default elementor-section-height-default qodef-elementor-content-no qodef-elementor-column-no\" data-id=\"e5d596c\" data-element_type=\"section\" data-e-type=\"section\">\n\t\t\t\t\t\t<div class=\"elementor-container elementor-column-gap-default\">\n\t\t\t\t\t<div class=\"elementor-column elementor-col-33 elementor-top-column elementor-element elementor-element-58858c2\" data-id=\"58858c2\" data-element_type=\"column\" data-e-type=\"column\">\n\t\t\t<div class=\"elementor-widget-wrap\">\n\t\t\t\t\t\t\t<\/div>\n\t\t<\/div>\n\t\t\t\t<div class=\"elementor-column elementor-col-33 elementor-top-column elementor-element elementor-element-0414f0a\" data-id=\"0414f0a\" data-element_type=\"column\" data-e-type=\"column\">\n\t\t\t<div class=\"elementor-widget-wrap elementor-element-populated\">\n\t\t\t\t\t\t<div class=\"elementor-element elementor-element-ecb6da2 elementor-widget elementor-widget-text-editor\" data-id=\"ecb6da2\" data-element_type=\"widget\" data-e-type=\"widget\" data-widget_type=\"text-editor.default\">\n\t\t\t\t<div class=\"elementor-widget-container\">\n\t\t\t\t\t\t\t\t\t<h3 id=\"yui_3_17_2_1_1706591785805_499\" class=\"preFade fadeIn\">Creative Consultancy<\/h3>\t\t\t\t\t\t\t\t<\/div>\n\t\t\t\t<\/div>\n\t\t\t\t<div class=\"elementor-element elementor-element-eb7c894 elementor-widget elementor-widget-text-editor\" data-id=\"eb7c894\" data-element_type=\"widget\" data-e-type=\"widget\" data-widget_type=\"text-editor.default\">\n\t\t\t\t<div class=\"elementor-widget-container\">\n\t\t\t\t\t\t\t\t\t<div id=\"yui_3_17_2_1_1706591785805_447\" class=\"col sqs-col-4 span-4\"><div id=\"block-6014a249ea84e9054546\" class=\"sqs-block html-block sqs-block-html\" data-block-type=\"2\"><div id=\"yui_3_17_2_1_1706591785805_456\" class=\"sqs-block-content\"><div id=\"yui_3_17_2_1_1706591785805_455\" class=\"sqs-html-content\"><div id=\"yui_3_17_2_1_1706591785805_448\" class=\"row sqs-row\"><div id=\"yui_3_17_2_1_1706591785805_477\" class=\"col sqs-col-8 span-8\"><div id=\"yui_3_17_2_1_1706591785805_476\" class=\"row sqs-row\"><div id=\"yui_3_17_2_1_1706591785805_498\" class=\"col sqs-col-4 span-4\"><div id=\"block-8f5ff6ebb0adee3e93c3\" class=\"sqs-block html-block sqs-block-html\" data-block-type=\"2\"><div id=\"yui_3_17_2_1_1706591785805_501\" class=\"sqs-block-content\"><div id=\"yui_3_17_2_1_1706591785805_500\" class=\"sqs-html-content\"><h5 id=\"yui_3_17_2_1_1706591785805_509\" class=\"preFade fadeIn\">At Studio Nera, we focus on creativity and innovation. We offer our clients smarter thinking, original ideas, hard-working tactics, and a broader range of solutions that go deeper and further than traditional media practices.<\/h5><\/div><\/div><\/div><\/div><\/div><\/div><\/div><\/div><\/div><\/div><\/div>\t\t\t\t\t\t\t\t<\/div>\n\t\t\t\t<\/div>\n\t\t\t\t\t<\/div>\n\t\t<\/div>\n\t\t\t\t<div class=\"elementor-column elementor-col-33 elementor-top-column elementor-element elementor-element-ec6d6b4\" data-id=\"ec6d6b4\" data-element_type=\"column\" data-e-type=\"column\">\n\t\t\t<div class=\"elementor-widget-wrap elementor-element-populated\">\n\t\t\t\t\t\t<div class=\"elementor-element elementor-element-68aad2d elementor-widget elementor-widget-text-editor\" data-id=\"68aad2d\" data-element_type=\"widget\" data-e-type=\"widget\" data-widget_type=\"text-editor.default\">\n\t\t\t\t<div class=\"elementor-widget-container\">\n\t\t\t\t\t\t\t\t\t<h3 id=\"yui_3_17_2_1_1706591785805_520\" class=\"preFade fadeIn\">Graphic Design<\/h3>\t\t\t\t\t\t\t\t<\/div>\n\t\t\t\t<\/div>\n\t\t\t\t<div class=\"elementor-element elementor-element-718cfde elementor-widget elementor-widget-text-editor\" data-id=\"718cfde\" data-element_type=\"widget\" data-e-type=\"widget\" data-widget_type=\"text-editor.default\">\n\t\t\t\t<div class=\"elementor-widget-container\">\n\t\t\t\t\t\t\t\t\t<div id=\"yui_3_17_2_1_1706591785805_475\" class=\"col sqs-col-4 span-4\"><div id=\"block-9f838da2b3d7fd3ea9a2\" class=\"sqs-block html-block sqs-block-html\" data-block-type=\"2\"><div id=\"yui_3_17_2_1_1706591785805_480\" class=\"sqs-block-content\"><div id=\"yui_3_17_2_1_1706591785805_479\" class=\"sqs-html-content\"><div id=\"yui_3_17_2_1_1706591785805_518\" class=\"col sqs-col-4 span-4\"><div id=\"block-f51e7636db49a1711d22\" class=\"sqs-block html-block sqs-block-html\" data-block-type=\"2\"><div id=\"yui_3_17_2_1_1706591785805_522\" class=\"sqs-block-content\"><div id=\"yui_3_17_2_1_1706591785805_521\" class=\"sqs-html-content\"><h5 id=\"yui_3_17_2_1_1706591785805_531\" class=\"preFade fadeIn\">In today's world, we bring brands together with their target audiences. We know that excellent graphic design can be instrumental in the success of a business. We make it our priority to understand your wants and needs so that our business can develop your business potential.<\/h5><\/div><\/div><\/div><\/div><\/div><\/div><\/div><\/div>\t\t\t\t\t\t\t\t<\/div>\n\t\t\t\t<\/div>\n\t\t\t\t\t<\/div>\n\t\t<\/div>\n\t\t\t\t\t<\/div>\n\t\t<\/section>\n\t\t\t\t<section class=\"elementor-section elementor-top-section elementor-element elementor-element-fb092b5 elementor-section-full_width elementor-section-height-default elementor-section-height-default qodef-elementor-content-no qodef-elementor-column-no\" data-id=\"fb092b5\" data-element_type=\"section\" data-e-type=\"section\">\n\t\t\t\t\t\t<div class=\"elementor-container elementor-column-gap-default\">\n\t\t\t\t\t<div class=\"elementor-column elementor-col-33 elementor-top-column elementor-element elementor-element-7f3db25\" data-id=\"7f3db25\" data-element_type=\"column\" data-e-type=\"column\">\n\t\t\t<div class=\"elementor-widget-wrap\">\n\t\t\t\t\t\t\t<\/div>\n\t\t<\/div>\n\t\t\t\t<div class=\"elementor-column elementor-col-33 elementor-top-column elementor-element elementor-element-5957fbb\" data-id=\"5957fbb\" data-element_type=\"column\" data-e-type=\"column\">\n\t\t\t<div class=\"elementor-widget-wrap elementor-element-populated\">\n\t\t\t\t\t\t<div class=\"elementor-element elementor-element-e207a18 elementor-widget elementor-widget-text-editor\" data-id=\"e207a18\" data-element_type=\"widget\" data-e-type=\"widget\" data-widget_type=\"text-editor.default\">\n\t\t\t\t<div class=\"elementor-widget-container\">\n\t\t\t\t\t\t\t\t\t<h3 id=\"yui_3_17_2_1_1706591785805_541\" class=\"preFade fadeIn\">Products<\/h3>\t\t\t\t\t\t\t\t<\/div>\n\t\t\t\t<\/div>\n\t\t\t\t<div class=\"elementor-element elementor-element-f77fbb9 elementor-widget elementor-widget-text-editor\" data-id=\"f77fbb9\" data-element_type=\"widget\" data-e-type=\"widget\" data-widget_type=\"text-editor.default\">\n\t\t\t\t<div class=\"elementor-widget-container\">\n\t\t\t\t\t\t\t\t\t<h5>Through a process of research and experimentation, carefully selected materials and carefully crafted details are used to help create unique and beautiful products. We break the monotony of products, bend them and make them our own.<\/h5>\t\t\t\t\t\t\t\t<\/div>\n\t\t\t\t<\/div>\n\t\t\t\t\t<\/div>\n\t\t<\/div>\n\t\t\t\t<div class=\"elementor-column elementor-col-33 elementor-top-column elementor-element elementor-element-e87c398\" data-id=\"e87c398\" data-element_type=\"column\" data-e-type=\"column\">\n\t\t\t<div class=\"elementor-widget-wrap elementor-element-populated\">\n\t\t\t\t\t\t<div class=\"elementor-element elementor-element-ed8733e elementor-widget elementor-widget-text-editor\" data-id=\"ed8733e\" data-element_type=\"widget\" data-e-type=\"widget\" data-widget_type=\"text-editor.default\">\n\t\t\t\t<div class=\"elementor-widget-container\">\n\t\t\t\t\t\t\t\t\t<h3 id=\"yui_3_17_2_1_1706591785805_558\" class=\"preFade fadeIn\">Event<\/h3>\t\t\t\t\t\t\t\t<\/div>\n\t\t\t\t<\/div>\n\t\t\t\t<div class=\"elementor-element elementor-element-5d1b6eb elementor-widget elementor-widget-text-editor\" data-id=\"5d1b6eb\" data-element_type=\"widget\" data-e-type=\"widget\" data-widget_type=\"text-editor.default\">\n\t\t\t\t<div class=\"elementor-widget-container\">\n\t\t\t\t\t\t\t\t\t<div id=\"yui_3_17_2_1_1706591785805_475\" class=\"col sqs-col-4 span-4\"><div id=\"block-9f838da2b3d7fd3ea9a2\" class=\"sqs-block html-block sqs-block-html\" data-block-type=\"2\"><div id=\"yui_3_17_2_1_1706591785805_480\" class=\"sqs-block-content\"><div id=\"yui_3_17_2_1_1706591785805_479\" class=\"sqs-html-content\"><div id=\"yui_3_17_2_1_1706591785805_518\" class=\"col sqs-col-4 span-4\"><div id=\"block-f51e7636db49a1711d22\" class=\"sqs-block html-block sqs-block-html\" data-block-type=\"2\"><div id=\"yui_3_17_2_1_1706591785805_522\" class=\"sqs-block-content\"><div id=\"yui_3_17_2_1_1706591785805_521\" class=\"sqs-html-content\"><section id=\"yui_3_17_2_1_1706591785805_453\" class=\"page-section layout-engine-section background-width--full-bleed section-height--small content-width--wide horizontal-alignment--left vertical-alignment--middle\" data-test=\"page-section\" data-section-theme=\"\" data-section-id=\"619382fe6106c5293ce86afc\" data-controller=\"SectionWrapperController\" data-current-styles=\"{ &quot;imageOverlayOpacity&quot;: 0.15, &quot;backgroundWidth&quot;: &quot;background-width--full-bleed&quot;, &quot;sectionHeight&quot;: &quot;section-height--small&quot;, &quot;horizontalAlignment&quot;: &quot;horizontal-alignment--left&quot;, &quot;verticalAlignment&quot;: &quot;vertical-alignment--middle&quot;, &quot;contentWidth&quot;: &quot;content-width--wide&quot;, &quot;sectionAnimation&quot;: &quot;none&quot;, &quot;backgroundMode&quot;: &quot;image&quot; }\" data-current-context=\"{ &quot;video&quot;: { &quot;playbackSpeed&quot;: 0.5, &quot;filter&quot;: 1, &quot;filterStrength&quot;: 0, &quot;zoom&quot;: 0, &quot;videoSourceProvider&quot;: &quot;none&quot; }, &quot;backgroundImageId&quot;: null, &quot;backgroundMediaEffect&quot;: null, &quot;divider&quot;: null, &quot;typeName&quot;: &quot;page&quot; }\" data-animation=\"none\" data-controllers-bound=\"SectionWrapperController\" data-active=\"true\"><div id=\"yui_3_17_2_1_1706591785805_452\" class=\"content-wrapper\"><div id=\"yui_3_17_2_1_1706591785805_451\" class=\"content\"><div id=\"page-section-619382fe6106c5293ce86afc\" class=\"sqs-layout sqs-grid-12 columns-12\" data-type=\"page-section\"><div id=\"yui_3_17_2_1_1706591785805_450\" class=\"row sqs-row\"><div id=\"yui_3_17_2_1_1706591785805_449\" class=\"col sqs-col-12 span-12\"><div id=\"yui_3_17_2_1_1706591785805_519\" class=\"row sqs-row\"><div id=\"yui_3_17_2_1_1706591785805_540\" class=\"col sqs-col-8 span-8\"><div id=\"yui_3_17_2_1_1706591785805_539\" class=\"row sqs-row\"><div id=\"yui_3_17_2_1_1706591785805_557\" class=\"col sqs-col-4 span-4\"><div id=\"block-72073c8ae61a2663a84b\" class=\"sqs-block html-block sqs-block-html\" data-block-type=\"2\"><div id=\"yui_3_17_2_1_1706591785805_560\" class=\"sqs-block-content\"><div id=\"yui_3_17_2_1_1706591785805_559\" class=\"sqs-html-content\"><h5 id=\"yui_3_17_2_1_1706591785805_567\" class=\"preFade fadeIn\">By developing any event idea you have in mind; We follow the process from concept, planning and decor design to be used and bring your ideas to life.<\/h5><\/div><\/div><\/div><\/div><\/div><\/div><\/div><\/div><\/div><\/div><\/div><\/div><\/section><\/div><\/div><\/div><\/div><\/div><\/div><\/div><\/div>\t\t\t\t\t\t\t\t<\/div>\n\t\t\t\t<\/div>\n\t\t\t\t\t<\/div>\n\t\t<\/div>\n\t\t\t\t\t<\/div>\n\t\t<\/section>\n\t\t\t\t<section class=\"elementor-section elementor-top-section elementor-element elementor-element-455e22a7 elementor-section-full_width elementor-section-height-default elementor-section-height-default qodef-elementor-content-no qodef-elementor-column-no\" data-id=\"455e22a7\" data-element_type=\"section\" data-e-type=\"section\" data-settings=\"{&quot;background_background&quot;:&quot;classic&quot;}\">\n\t\t\t\t\t\t<div class=\"elementor-container elementor-column-gap-default\">\n\t\t\t\t\t<div class=\"elementor-column elementor-col-100 elementor-top-column elementor-element elementor-element-bc68942\" data-id=\"bc68942\" data-element_type=\"column\" data-e-type=\"column\">\n\t\t\t<div class=\"elementor-widget-wrap\">\n\t\t\t\t\t\t\t<\/div>\n\t\t<\/div>\n\t\t\t\t\t<\/div>\n\t\t<\/section>\n\t\t\t\t<\/div>","protected":false},"excerpt":{"rendered":"<p>Tasar\u0131m, bizi birbirimize ba\u011flayan evrensel dildir; bizi bir araya getiren duyusal duygu ve hayat\u0131m\u0131z\u0131 g\u00fczelle\u015ftiren harika ara\u00e7t\u0131r. Servislerimiz Mimarl\u0131k Titiz bir ara\u015ft\u0131rma, geli\u015ftirme s\u00fcreciyle desteklenen ve tasar\u0131mc\u0131n\u0131n m\u00fc\u015fterileriyle yak\u0131n i\u015fbirli\u011finden gelen yarat\u0131c\u0131l\u0131ktan ilham alan Studio Nera, her proje i\u00e7in \u0131smarlama bir yakla\u015f\u0131m benimsiyoruz. Daha iyi alanlar, daha iyi ko\u015fullar ve daha iyi deneyimler yarat\u0131yoruz. \u00a0 [&hellip;]<\/p>\n","protected":false},"author":1,"featured_media":0,"parent":0,"menu_order":0,"comment_status":"closed","ping_status":"closed","template":"page-full-width.php","meta":{"footnotes":""},"class_list":["post-9474","page","type-page","status-publish","hentry"],"_links":{"self":[{"href":"https:\/\/studionera.com\/en\/wp-json\/wp\/v2\/pages\/9474","targetHints":{"allow":["GET"]}}],"collection":[{"href":"https:\/\/studionera.com\/en\/wp-json\/wp\/v2\/pages"}],"about":[{"href":"https:\/\/studionera.com\/en\/wp-json\/wp\/v2\/types\/page"}],"author":[{"embeddable":true,"href":"https:\/\/studionera.com\/en\/wp-json\/wp\/v2\/users\/1"}],"replies":[{"embeddable":true,"href":"https:\/\/studionera.com\/en\/wp-json\/wp\/v2\/comments?post=9474"}],"version-history":[{"count":27,"href":"https:\/\/studionera.com\/en\/wp-json\/wp\/v2\/pages\/9474\/revisions"}],"predecessor-version":[{"id":9749,"href":"https:\/\/studionera.com\/en\/wp-json\/wp\/v2\/pages\/9474\/revisions\/9749"}],"wp:attachment":[{"href":"https:\/\/studionera.com\/en\/wp-json\/wp\/v2\/media?parent=9474"}],"curies":[{"name":"wp","href":"https:\/\/api.w.org\/{rel}","templated":true}]}}