{"id":9497,"date":"2024-01-30T07:51:38","date_gmt":"2024-01-30T07:51:38","guid":{"rendered":"http:\/\/studionera.com\/?page_id=9497"},"modified":"2024-02-03T18:05:32","modified_gmt":"2024-02-03T18:05:32","slug":"iletisim","status":"publish","type":"page","link":"https:\/\/studionera.com\/en\/iletisim\/","title":{"rendered":"Contact"},"content":{"rendered":"<div data-elementor-type=\"wp-page\" data-elementor-id=\"9497\" class=\"elementor elementor-9497\">\n\t\t\t\t\t\t<section class=\"elementor-section elementor-top-section elementor-element elementor-element-e5ee8d4 elementor-section-full_width elementor-section-height-default elementor-section-height-default qodef-elementor-content-no qodef-elementor-column-no\" data-id=\"e5ee8d4\" data-element_type=\"section\" data-e-type=\"section\">\n\t\t\t\t\t\t<div class=\"elementor-container elementor-column-gap-default\">\n\t\t\t\t\t<div class=\"elementor-column elementor-col-100 elementor-top-column elementor-element elementor-element-fa70e4f\" data-id=\"fa70e4f\" data-element_type=\"column\" data-e-type=\"column\">\n\t\t\t<div class=\"elementor-widget-wrap elementor-element-populated\">\n\t\t\t\t\t\t<div class=\"elementor-element elementor-element-85a3bda elementor-widget__width-initial elementor-widget elementor-widget-wp-widget-hiroshi_core_contact_form_7\" data-id=\"85a3bda\" data-element_type=\"widget\" data-e-type=\"widget\" data-widget_type=\"wp-widget-hiroshi_core_contact_form_7.default\">\n\t\t\t\t<div class=\"elementor-widget-container\">\n\t\t\t\t\t\t\t\t<div class=\"qodef-contact-form-7\">\n\t\t\t\t\n<div class=\"wpcf7 no-js\" id=\"wpcf7-f1387-o1\" lang=\"en-US\" dir=\"ltr\" data-wpcf7-id=\"1387\">\n<div class=\"screen-reader-response\"><p role=\"status\" aria-live=\"polite\" aria-atomic=\"true\"><\/p> <ul><\/ul><\/div>\n<form action=\"\/en\/wp-json\/wp\/v2\/pages\/9497#wpcf7-f1387-o1\" method=\"post\" class=\"wpcf7-form init\" aria-label=\"Contact form\" novalidate=\"novalidate\" data-status=\"init\" data-trp-original-action=\"\/en\/wp-json\/wp\/v2\/pages\/9497#wpcf7-f1387-o1\">\n<fieldset class=\"hidden-fields-container\"><input type=\"hidden\" name=\"_wpcf7\" value=\"1387\" \/><input type=\"hidden\" name=\"_wpcf7_version\" value=\"6.1.5\" \/><input type=\"hidden\" name=\"_wpcf7_locale\" value=\"en_US\" \/><input type=\"hidden\" name=\"_wpcf7_unit_tag\" value=\"wpcf7-f1387-o1\" \/><input type=\"hidden\" name=\"_wpcf7_container_post\" value=\"0\" \/><input type=\"hidden\" name=\"_wpcf7_posted_data_hash\" value=\"\" \/>\n<\/fieldset>\n<div class=\"qodef-contact-form\">\n\n    <div class=\"qodef-grid qodef-layout--columns qodef-col-num--2\">\n\n        <div class=\"qodef-grid-inner\">\n\n            <div class=\"qodef-grid-item\">\n\n                <span class=\"wpcf7-form-control-wrap\" data-name=\"your-name\"><input size=\"40\" maxlength=\"400\" class=\"wpcf7-form-control wpcf7-text wpcf7-validates-as-required\" aria-required=\"true\" aria-invalid=\"false\" placeholder=\"Name\" value=\"\" type=\"text\" name=\"your-name\" \/><\/span>\n\n            <\/div>\n\n            <div class=\"qodef-grid-item\">\n\n                <span class=\"wpcf7-form-control-wrap\" data-name=\"your-email\"><input size=\"40\" maxlength=\"400\" class=\"wpcf7-form-control wpcf7-email wpcf7-validates-as-required wpcf7-text wpcf7-validates-as-email\" aria-required=\"true\" aria-invalid=\"false\" placeholder=\"Email\" value=\"\" type=\"email\" name=\"your-email\" \/><\/span>\n\n            <\/div>\n\n        <\/div>\n\n    <\/div>\n\n<span class=\"wpcf7-form-control-wrap\" data-name=\"your-message\"><textarea cols=\"40\" rows=\"5\" maxlength=\"2000\" class=\"wpcf7-form-control wpcf7-textarea\" aria-invalid=\"false\" placeholder=\"Message\" name=\"your-message\"><\/textarea><\/span>\n<button class=\"wpcf7-form-control wpcf7-submit qodef-button qodef-size--normal qodef-layout--filled qodef-m\" type=\"submit\"><span class=\"qodef-m-text\">send<\/span><\/button>\n<\/div><div class=\"wpcf7-response-output\" aria-hidden=\"true\"><\/div>\n<input type=\"hidden\" name=\"trp-form-language\" value=\"en\"\/><\/form>\n<\/div>\n\t\t\t<\/div>\n\t\t\t\t\t\t\t<\/div>\n\t\t\t\t<\/div>\n\t\t\t\t\t<\/div>\n\t\t<\/div>\n\t\t\t\t\t<\/div>\n\t\t<\/section>\n\t\t\t\t<\/div>","protected":false},"excerpt":{"rendered":"<p>Bize Yaz\u0131n Bir proje i\u00e7in fiyat teklifi istemek, i\u015fbirli\u011fi hakk\u0131nda bilgi almak veya sadece merhaba demek i\u00e7in l\u00fctfen a\u015fa\u011f\u0131daki formu doldurun \ud83d\ude42<\/p>","protected":false},"author":1,"featured_media":0,"parent":0,"menu_order":0,"comment_status":"closed","ping_status":"closed","template":"page-full-width.php","meta":{"footnotes":""},"class_list":["post-9497","page","type-page","status-publish","hentry"],"_links":{"self":[{"href":"https:\/\/studionera.com\/en\/wp-json\/wp\/v2\/pages\/9497","targetHints":{"allow":["GET"]}}],"collection":[{"href":"https:\/\/studionera.com\/en\/wp-json\/wp\/v2\/pages"}],"about":[{"href":"https:\/\/studionera.com\/en\/wp-json\/wp\/v2\/types\/page"}],"author":[{"embeddable":true,"href":"https:\/\/studionera.com\/en\/wp-json\/wp\/v2\/users\/1"}],"replies":[{"embeddable":true,"href":"https:\/\/studionera.com\/en\/wp-json\/wp\/v2\/comments?post=9497"}],"version-history":[{"count":22,"href":"https:\/\/studionera.com\/en\/wp-json\/wp\/v2\/pages\/9497\/revisions"}],"predecessor-version":[{"id":9556,"href":"https:\/\/studionera.com\/en\/wp-json\/wp\/v2\/pages\/9497\/revisions\/9556"}],"wp:attachment":[{"href":"https:\/\/studionera.com\/en\/wp-json\/wp\/v2\/media?parent=9497"}],"curies":[{"name":"wp","href":"https:\/\/api.w.org\/{rel}","templated":true}]}}