{"id":9519,"date":"2024-02-03T15:28:38","date_gmt":"2024-02-03T15:28:38","guid":{"rendered":"http:\/\/studionera.com\/?page_id=9519"},"modified":"2025-07-09T07:04:25","modified_gmt":"2025-07-09T07:04:25","slug":"anasayfa","status":"publish","type":"page","link":"https:\/\/studionera.com\/en\/","title":{"rendered":"Anasayfa"},"content":{"rendered":"\t\t<div data-elementor-type=\"wp-page\" data-elementor-id=\"9519\" class=\"elementor elementor-9519\">\n\t\t\t\t\t\t<section class=\"elementor-section elementor-top-section elementor-element elementor-element-8e890ff elementor-section-boxed elementor-section-height-default elementor-section-height-default qodef-elementor-content-no qodef-elementor-column-no\" data-id=\"8e890ff\" data-element_type=\"section\" data-e-type=\"section\">\n\t\t\t\t\t\t<div class=\"elementor-container elementor-column-gap-default\">\n\t\t\t\t\t<div class=\"elementor-column elementor-col-100 elementor-top-column elementor-element elementor-element-7fc4f28\" data-id=\"7fc4f28\" data-element_type=\"column\" data-e-type=\"column\">\n\t\t\t<div class=\"elementor-widget-wrap elementor-element-populated\">\n\t\t\t\t\t\t<div class=\"elementor-element elementor-element-3b39e55 elementor-widget elementor-widget-slider_revolution\" data-id=\"3b39e55\" data-element_type=\"widget\" data-e-type=\"widget\" data-widget_type=\"slider_revolution.default\">\n\t\t\t\t<div class=\"elementor-widget-container\">\n\t\t\t\t\t\n\t\t<div class=\"wp-block-themepunch-revslider\">\n\t\t\t<!-- START Home 8 REVOLUTION SLIDER 6.7.31 --><p class=\"rs-p-wp-fix\"><\/p>\n\t\t\t<rs-module-wrap id=\"rev_slider_1_1_wrapper\" data-source=\"gallery\" style=\"visibility:hidden;background:transparent;padding:0;\">\n\t\t\t\t<rs-module id=\"rev_slider_1_1\" style=\"\" data-version=\"6.7.31\">\n\t\t\t\t\t<rs-slides style=\"overflow: hidden; position: absolute;\">\n\t\t\t\t\t\t<rs-slide style=\"position: absolute;\" data-key=\"rs-1\" data-title=\"Slide\" data-thumb=\"\/\/studionera.com\/wp-content\/uploads\/2024\/02\/ilkesenturk_modern_villa_design_villa_house_design_3d_rendering_4b1977bf-e54c-412c-afe0-5c7276ce6c6b-50x100.png\" data-in=\"o:0;\" data-out=\"a:false;\">\n\t\t\t\t\t\t\t<img fetchpriority=\"high\" decoding=\"async\" src=\"\/\/studionera.com\/wp-content\/plugins\/revslider\/sr6\/assets\/assets\/dummy.png\" alt=\"1\" width=\"2048\" height=\"2048\" class=\"rev-slidebg tp-rs-img rs-lazyload\" data-lazyload=\"\/\/studionera.com\/wp-content\/uploads\/2024\/02\/ilkesenturk_modern_villa_design_villa_house_design_3d_rendering_4b1977bf-e54c-412c-afe0-5c7276ce6c6b.png\" data-no-retina>\n<!--\n\t\t\t\t\t\t\t--><rs-layer\n\t\t\t\t\t\t\t\tid=\"slider-1-slide-1-layer-0\" \n\t\t\t\t\t\t\t\tdata-type=\"text\"\n\t\t\t\t\t\t\t\tdata-xy=\"x:c;y:m;yo:-5px,-5px,0,0;\"\n\t\t\t\t\t\t\t\tdata-text=\"w:normal;s:48,40,35,30;l:50,42,40,35;a:center;\"\n\t\t\t\t\t\t\t\tdata-dim=\"w:941px,862px,721px,318px;\"\n\t\t\t\t\t\t\t\tdata-basealign=\"slide\"\n\t\t\t\t\t\t\t\tdata-rsp_o=\"off\"\n\t\t\t\t\t\t\t\tdata-rsp_bd=\"off\"\n\t\t\t\t\t\t\t\tdata-frame_0=\"y:50;\"\n\t\t\t\t\t\t\t\tdata-frame_1=\"e:power2.out;st:100;sp:1500;\"\n\t\t\t\t\t\t\t\tdata-frame_999=\"o:0;st:w;\"\n\t\t\t\t\t\t\t\tstyle=\"z-index:7;font-family:'DM Sans';\"\n\t\t\t\t\t\t\t>Crafting spaces that inspire. Experience the art of architectural innovation with us.  \n\t\t\t\t\t\t\t<\/rs-layer><!--\n\n\t\t\t\t\t\t\t--><rs-layer\n\t\t\t\t\t\t\t\tid=\"slider-1-slide-1-layer-2\" \n\t\t\t\t\t\t\t\tdata-type=\"shape\"\n\t\t\t\t\t\t\t\tdata-rsp_ch=\"on\"\n\t\t\t\t\t\t\t\tdata-xy=\"xo:-1408px,-1191px,-842px,-519px;yo:-192px,-162px,-114px,-70px;\"\n\t\t\t\t\t\t\t\tdata-text=\"w:normal;s:20,16,11,6;l:0,21,14,8;\"\n\t\t\t\t\t\t\t\tdata-dim=\"w:2996px,2535px,1792px,2221px;h:1252px,1059px,749px,929px;\"\n\t\t\t\t\t\t\t\tdata-frame_999=\"o:0;st:w;\"\n\t\t\t\t\t\t\t\tstyle=\"z-index:6;background-color:rgba(0,0,0,0.27);\"\n\t\t\t\t\t\t\t> \n\t\t\t\t\t\t\t<\/rs-layer><!--\n-->\t\t\t\t\t<\/rs-slide>\n\t\t\t\t\t\t<rs-slide style=\"position: absolute;\" data-key=\"rs-3\" data-title=\"Slide\" data-thumb=\"\/\/studionera.com\/wp-content\/uploads\/2024\/02\/ilkesenturk_modern_house_design_exterior_ideas_for_home_design__6c410e5e-bf34-4af4-825f-ab9d86b9b5ca-50x100.png\" data-in=\"o:0;\" data-out=\"a:false;\">\n\t\t\t\t\t\t\t<img decoding=\"async\" src=\"\/\/studionera.com\/wp-content\/plugins\/revslider\/sr6\/assets\/assets\/dummy.png\" alt=\"2\" width=\"2048\" height=\"2048\" class=\"rev-slidebg tp-rs-img rs-lazyload\" data-lazyload=\"\/\/studionera.com\/wp-content\/uploads\/2024\/02\/ilkesenturk_modern_house_design_exterior_ideas_for_home_design__6c410e5e-bf34-4af4-825f-ab9d86b9b5ca.png\" data-no-retina>\n<!--\n\t\t\t\t\t\t\t--><rs-layer\n\t\t\t\t\t\t\t\tid=\"slider-1-slide-3-layer-0\" \n\t\t\t\t\t\t\t\tdata-type=\"text\"\n\t\t\t\t\t\t\t\tdata-xy=\"x:c;y:m;yo:-5px,-5px,0,0;\"\n\t\t\t\t\t\t\t\tdata-text=\"w:normal;s:48,40,35,30;l:50,42,40,35;a:center;\"\n\t\t\t\t\t\t\t\tdata-dim=\"w:941px,862px,721px,318px;\"\n\t\t\t\t\t\t\t\tdata-basealign=\"slide\"\n\t\t\t\t\t\t\t\tdata-rsp_o=\"off\"\n\t\t\t\t\t\t\t\tdata-rsp_bd=\"off\"\n\t\t\t\t\t\t\t\tdata-frame_0=\"y:50;\"\n\t\t\t\t\t\t\t\tdata-frame_1=\"e:power2.out;st:100;sp:1500;\"\n\t\t\t\t\t\t\t\tdata-frame_999=\"o:0;st:w;\"\n\t\t\t\t\t\t\t\tstyle=\"z-index:7;font-family:'DM Sans';\"\n\t\t\t\t\t\t\t>Where creativity meets functionality. Elevate your space with our visionary architectural designs.  \n\t\t\t\t\t\t\t<\/rs-layer><!--\n\n\t\t\t\t\t\t\t--><rs-layer\n\t\t\t\t\t\t\t\tid=\"slider-1-slide-3-layer-2\" \n\t\t\t\t\t\t\t\tdata-type=\"shape\"\n\t\t\t\t\t\t\t\tdata-rsp_ch=\"on\"\n\t\t\t\t\t\t\t\tdata-xy=\"xo:-1111px,-940px,-664px,-409px;yo:-84px,-71px,-50px,-30px;\"\n\t\t\t\t\t\t\t\tdata-text=\"w:normal;s:20,16,11,6;l:0,21,14,8;\"\n\t\t\t\t\t\t\t\tdata-dim=\"w:3146px,2662px,1882px,3053px;h:1060,896,633,1026;\"\n\t\t\t\t\t\t\t\tdata-frame_999=\"o:0;st:w;\"\n\t\t\t\t\t\t\t\tstyle=\"z-index:6;background-color:rgba(0,0,0,0.27);\"\n\t\t\t\t\t\t\t> \n\t\t\t\t\t\t\t<\/rs-layer><!--\n-->\t\t\t\t\t<\/rs-slide>\n\t\t\t\t\t\t<rs-slide style=\"position: absolute;\" data-key=\"rs-5\" data-title=\"Slide\" data-thumb=\"\/\/studionera.com\/wp-content\/uploads\/2024\/02\/1708424713095-scaled-50x100.jpeg\" data-in=\"o:0;\" data-out=\"a:false;\">\n\t\t\t\t\t\t\t<img decoding=\"async\" src=\"\/\/studionera.com\/wp-content\/plugins\/revslider\/sr6\/assets\/assets\/dummy.png\" alt=\"\" width=\"2560\" height=\"1218\" class=\"rev-slidebg tp-rs-img rs-lazyload\" data-lazyload=\"\/\/studionera.com\/wp-content\/uploads\/2024\/02\/1708424713095-scaled.jpeg\" data-no-retina>\n<!--\n\t\t\t\t\t\t\t--><rs-layer\n\t\t\t\t\t\t\t\tid=\"slider-1-slide-5-layer-0\" \n\t\t\t\t\t\t\t\tdata-type=\"text\"\n\t\t\t\t\t\t\t\tdata-xy=\"x:c;y:m;yo:-5px,-5px,0,0;\"\n\t\t\t\t\t\t\t\tdata-text=\"w:normal;s:48,40,35,30;l:50,42,40,35;a:center;\"\n\t\t\t\t\t\t\t\tdata-dim=\"w:941px,862px,721px,318px;\"\n\t\t\t\t\t\t\t\tdata-basealign=\"slide\"\n\t\t\t\t\t\t\t\tdata-rsp_o=\"off\"\n\t\t\t\t\t\t\t\tdata-rsp_bd=\"off\"\n\t\t\t\t\t\t\t\tdata-frame_0=\"y:50;\"\n\t\t\t\t\t\t\t\tdata-frame_1=\"e:power2.out;st:100;sp:1500;\"\n\t\t\t\t\t\t\t\tdata-frame_999=\"o:0;st:w;\"\n\t\t\t\t\t\t\t\tstyle=\"z-index:7;font-family:'DM Sans';\"\n\t\t\t\t\t\t\t>Reimagining spaces, shaping experiences. Discover the transformative power of our architectural designs. \n\t\t\t\t\t\t\t<\/rs-layer><!--\n\n\t\t\t\t\t\t\t--><rs-layer\n\t\t\t\t\t\t\t\tid=\"slider-1-slide-5-layer-2\" \n\t\t\t\t\t\t\t\tdata-type=\"shape\"\n\t\t\t\t\t\t\t\tdata-rsp_ch=\"on\"\n\t\t\t\t\t\t\t\tdata-xy=\"xo:-1111px,-940px,-664px,-409px;yo:-84px,-71px,-50px,-30px;\"\n\t\t\t\t\t\t\t\tdata-text=\"w:normal;s:20,16,11,6;l:0,21,14,8;\"\n\t\t\t\t\t\t\t\tdata-dim=\"w:3146px,2662px,1882px,3053px;h:1060,896,633,1026;\"\n\t\t\t\t\t\t\t\tdata-frame_999=\"o:0;st:w;\"\n\t\t\t\t\t\t\t\tstyle=\"z-index:6;background-color:rgba(0,0,0,0.27);\"\n\t\t\t\t\t\t\t> \n\t\t\t\t\t\t\t<\/rs-layer><!--\n-->\t\t\t\t\t<\/rs-slide>\n\t\t\t\t\t\t<rs-slide style=\"position: absolute;\" data-key=\"rs-6\" data-title=\"Slide\" data-thumb=\"\/\/studionera.com\/wp-content\/uploads\/2024\/02\/ilkesenturk_the_living_room_has_an_art_hanging_on_the_wall_and__6ec54dbd-30b4-471a-9323-aa77dc8637ef-50x100.png\" data-in=\"o:0;\" data-out=\"a:false;\">\n\t\t\t\t\t\t\t<img loading=\"lazy\" decoding=\"async\" src=\"\/\/studionera.com\/wp-content\/plugins\/revslider\/sr6\/assets\/assets\/dummy.png\" alt=\"\" width=\"2048\" height=\"2048\" class=\"rev-slidebg tp-rs-img rs-lazyload\" data-lazyload=\"\/\/studionera.com\/wp-content\/uploads\/2024\/02\/ilkesenturk_the_living_room_has_an_art_hanging_on_the_wall_and__6ec54dbd-30b4-471a-9323-aa77dc8637ef.png\" data-no-retina>\n<!--\n\t\t\t\t\t\t\t--><rs-layer\n\t\t\t\t\t\t\t\tid=\"slider-1-slide-6-layer-0\" \n\t\t\t\t\t\t\t\tdata-type=\"text\"\n\t\t\t\t\t\t\t\tdata-xy=\"x:c;y:m;yo:-5px,-5px,0,0;\"\n\t\t\t\t\t\t\t\tdata-text=\"w:normal;s:48,40,35,30;l:50,42,40,35;a:center;\"\n\t\t\t\t\t\t\t\tdata-dim=\"w:941px,862px,721px,318px;\"\n\t\t\t\t\t\t\t\tdata-basealign=\"slide\"\n\t\t\t\t\t\t\t\tdata-rsp_o=\"off\"\n\t\t\t\t\t\t\t\tdata-rsp_bd=\"off\"\n\t\t\t\t\t\t\t\tdata-frame_0=\"y:50;\"\n\t\t\t\t\t\t\t\tdata-frame_1=\"e:power2.out;st:100;sp:1500;\"\n\t\t\t\t\t\t\t\tdata-frame_999=\"o:0;st:w;\"\n\t\t\t\t\t\t\t\tstyle=\"z-index:7;font-family:'DM Sans';\"\n\t\t\t\t\t\t\t>Building dreams, shaping futures.  \n\t\t\t\t\t\t\t<\/rs-layer><!--\n\n\t\t\t\t\t\t\t--><rs-layer\n\t\t\t\t\t\t\t\tid=\"slider-1-slide-6-layer-2\" \n\t\t\t\t\t\t\t\tdata-type=\"shape\"\n\t\t\t\t\t\t\t\tdata-rsp_ch=\"on\"\n\t\t\t\t\t\t\t\tdata-xy=\"xo:-1111px,-940px,-664px,-409px;yo:-84px,-71px,-50px,-30px;\"\n\t\t\t\t\t\t\t\tdata-text=\"w:normal;s:20,16,11,6;l:0,21,14,8;\"\n\t\t\t\t\t\t\t\tdata-dim=\"w:3146px,2662px,1882px,3053px;h:1060,896,633,1026;\"\n\t\t\t\t\t\t\t\tdata-frame_999=\"o:0;st:w;\"\n\t\t\t\t\t\t\t\tstyle=\"z-index:6;background-color:rgba(0,0,0,0.27);\"\n\t\t\t\t\t\t\t> \n\t\t\t\t\t\t\t<\/rs-layer><!--\n-->\t\t\t\t\t<\/rs-slide>\n\t\t\t\t\t<\/rs-slides>\n\t\t\t\t<\/rs-module>\n\t\t\t\t<script>\n\t\t\t\t\tsetREVStartSize({c: 'rev_slider_1_1',rl:[1240,1024,778,480],el:[900,768,960,720],gw:[1300,1100,778,480],gh:[900,768,960,720],type:'standard',justify:'',layout:'fullscreen',offsetContainer:'',offset:'',mh:\"0\"});if (window.RS_MODULES!==undefined && window.RS_MODULES.modules!==undefined && window.RS_MODULES.modules[\"revslider11\"]!==undefined) {window.RS_MODULES.modules[\"revslider11\"].once = false;window.revapi1 = undefined;if (window.RS_MODULES.checkMinimal!==undefined) window.RS_MODULES.checkMinimal()}\n\t\t\t\t<\/script>\n\t\t\t<\/rs-module-wrap>\n\t\t\t<!-- END REVOLUTION SLIDER -->\n<\/div>\n\n\t\t\t\t\t\t<\/div>\n\t\t\t\t<\/div>\n\t\t\t\t\t<\/div>\n\t\t<\/div>\n\t\t\t\t\t<\/div>\n\t\t<\/section>\n\t\t\t\t<section class=\"elementor-section elementor-top-section elementor-element elementor-element-1cd09d57 elementor-section-full_width elementor-reverse-tablet elementor-reverse-mobile elementor-section-height-default elementor-section-height-default qodef-elementor-content-no qodef-elementor-column-no\" data-id=\"1cd09d57\" data-element_type=\"section\" data-e-type=\"section\">\n\t\t\t\t\t\t<div class=\"elementor-container elementor-column-gap-default\">\n\t\t\t\t\t<div class=\"elementor-column elementor-col-33 elementor-top-column elementor-element elementor-element-6e668514\" data-id=\"6e668514\" data-element_type=\"column\" data-e-type=\"column\">\n\t\t\t<div class=\"elementor-widget-wrap\">\n\t\t\t\t\t\t\t<\/div>\n\t\t<\/div>\n\t\t\t\t<div class=\"elementor-column elementor-col-33 elementor-top-column elementor-element elementor-element-346e95d\" data-id=\"346e95d\" data-element_type=\"column\" data-e-type=\"column\">\n\t\t\t<div class=\"elementor-widget-wrap\">\n\t\t\t\t\t\t\t<\/div>\n\t\t<\/div>\n\t\t\t\t<div class=\"elementor-column elementor-col-33 elementor-top-column elementor-element elementor-element-41686042\" data-id=\"41686042\" data-element_type=\"column\" data-e-type=\"column\">\n\t\t\t<div class=\"elementor-widget-wrap\">\n\t\t\t\t\t\t\t<\/div>\n\t\t<\/div>\n\t\t\t\t\t<\/div>\n\t\t<\/section>\n\t\t\t\t<section class=\"elementor-section elementor-top-section elementor-element elementor-element-6b8f6d96 elementor-section-full_width elementor-section-height-default elementor-section-height-default qodef-elementor-content-no qodef-elementor-column-no\" data-id=\"6b8f6d96\" data-element_type=\"section\" data-e-type=\"section\" data-settings=\"{&quot;background_background&quot;:&quot;classic&quot;}\">\n\t\t\t\t\t\t<div class=\"elementor-container elementor-column-gap-default\">\n\t\t\t\t\t<div class=\"elementor-column elementor-col-100 elementor-top-column elementor-element elementor-element-46abc8c4\" data-id=\"46abc8c4\" data-element_type=\"column\" data-e-type=\"column\">\n\t\t\t<div class=\"elementor-widget-wrap\">\n\t\t\t\t\t\t\t<\/div>\n\t\t<\/div>\n\t\t\t\t\t<\/div>\n\t\t<\/section>\n\t\t\t\t<\/div>\n\t\t","protected":false},"excerpt":{"rendered":"<p>Neden diye soruyoruz Bir s\u00fcr\u00fc neden. Neden; konunun \u00f6z\u00fcne iniyor, kar\u0131\u015f\u0131kl\u0131\u011f\u0131 ortadan kald\u0131r\u0131yor. Neden farkl\u0131s\u0131n, neden \u00f6nemlisin ve d\u00fcnya sensiz neden daha karanl\u0131k bir yer olurdu. Ard\u0131ndan, t\u00fcm bu nedenlere yan\u0131t veren \u00e7\u00f6z\u00fcmler \u00fcretiyoruz. Biz sadece bir \u015feyler tasarlam\u0131yoruz Tasar\u0131mlar\u0131 ileriye ta\u015f\u0131yan deneyimler yarat\u0131yoruz. Bir vizyon yakalayarak, g\u00fcl\u00fcmsemeye te\u015fvik ederek ve insanlar\u0131n hayallerini ger\u00e7e\u011fe d\u00f6n\u00fc\u015ft\u00fcrmek [&hellip;]<\/p>\n","protected":false},"author":1,"featured_media":0,"parent":0,"menu_order":0,"comment_status":"closed","ping_status":"closed","template":"page-full-width.php","meta":{"footnotes":""},"class_list":["post-9519","page","type-page","status-publish","hentry"],"_links":{"self":[{"href":"https:\/\/studionera.com\/en\/wp-json\/wp\/v2\/pages\/9519","targetHints":{"allow":["GET"]}}],"collection":[{"href":"https:\/\/studionera.com\/en\/wp-json\/wp\/v2\/pages"}],"about":[{"href":"https:\/\/studionera.com\/en\/wp-json\/wp\/v2\/types\/page"}],"author":[{"embeddable":true,"href":"https:\/\/studionera.com\/en\/wp-json\/wp\/v2\/users\/1"}],"replies":[{"embeddable":true,"href":"https:\/\/studionera.com\/en\/wp-json\/wp\/v2\/comments?post=9519"}],"version-history":[{"count":39,"href":"https:\/\/studionera.com\/en\/wp-json\/wp\/v2\/pages\/9519\/revisions"}],"predecessor-version":[{"id":10045,"href":"https:\/\/studionera.com\/en\/wp-json\/wp\/v2\/pages\/9519\/revisions\/10045"}],"wp:attachment":[{"href":"https:\/\/studionera.com\/en\/wp-json\/wp\/v2\/media?parent=9519"}],"curies":[{"name":"wp","href":"https:\/\/api.w.org\/{rel}","templated":true}]}}