{"id":9876,"date":"2024-07-19T18:54:06","date_gmt":"2024-07-19T18:54:06","guid":{"rendered":"http:\/\/studionera.com\/?page_id=9876"},"modified":"2024-07-19T18:57:16","modified_gmt":"2024-07-19T18:57:16","slug":"k-v-k-k","status":"publish","type":"page","link":"https:\/\/studionera.com\/en\/k-v-k-k\/","title":{"rendered":"K.V.K.K"},"content":{"rendered":"<p><strong>KVKK<\/strong><\/p>\n\n\n\n<p><strong>K\u0130\u015e\u0130<\/strong><strong>SEL VER<\/strong><strong>\u0130<\/strong><strong>LER<\/strong><strong>\u0130<\/strong><strong>N KORUNMASI HAKKINDA AYDINLATMA METN<\/strong><strong>\u0130<\/strong><\/p>\n\n\n\n<p><strong>1. Veri Sorumlusu ve Temsilcisi<\/strong><\/p>\n\n\n\n<p>Bu ayd\u0131nlatma metni, 6698 say\u0131l\u0131 Ki\u015fisel Verilerin Korunmas\u0131 Kanunu (&#8220;KVKK&#8221;) uyar\u0131nca, ki\u015fisel verilerinizin nas\u0131l i\u015flendi\u011fine dair bilgi vermek amac\u0131yla haz\u0131rlanm\u0131\u015ft\u0131r. Ki\u015fisel verileriniz, veri sorumlusu s\u0131fat\u0131yla&nbsp;<strong>Studio Nera Tasar<\/strong><strong>\u0131m Ticaret Limited \u015eirketi<\/strong>&nbsp;taraf\u0131ndan a\u015fa\u011f\u0131da a\u00e7\u0131klanan kapsamda i\u015flenebilecektir.<\/p>\n\n\n\n<p><strong>2. Ki\u015fisel Verilerin \u0130\u015flenme Amac\u0131<\/strong><\/p>\n\n\n\n<p>Ki\u015fisel verileriniz, internet sitemiz \u00fczerinden ger\u00e7ekle\u015ftirdi\u011finiz al\u0131\u015fveri\u015fler ve hizmetlerden faydalanman\u0131z i\u00e7in gerekli olan i\u015flemler, m\u00fc\u015fteri ili\u015fkileri y\u00f6netimi, sat\u0131\u015f sonras\u0131 hizmetler, finans ve muhasebe i\u015flemleri, hukuki s\u00fcre\u00e7lerin y\u00fcr\u00fct\u00fclmesi ve kanuni y\u00fck\u00fcml\u00fcl\u00fcklerin yerine getirilmesi ama\u00e7lar\u0131yla i\u015flenmektedir.<\/p>\n\n\n\n<p><strong>3. \u0130\u015f<\/strong><strong>lenen Ki<\/strong><strong>\u015fisel Verilerin Aktar\u0131labilece\u011fi Ki\u015filer ve Aktar\u0131m Amac\u0131<\/strong><\/p>\n\n\n\n<p>Ki\u015fisel verileriniz, yukar\u0131da belirtilen ama\u00e7lar do\u011frultusunda, kanunen yetkili kamu kurum ve kurulu\u015flar\u0131na, i\u015f ortaklar\u0131m\u0131za, tedarik\u00e7ilere, hukuki zorunluluklar kapsam\u0131nda yetkili k\u0131l\u0131nm\u0131\u015f di\u011fer \u00fc\u00e7\u00fcnc\u00fc ki\u015filere aktar\u0131labilir.<\/p>\n\n\n\n<p><strong>4. Ki\u015fisel Veri Toplaman\u0131n Y<\/strong><strong>\u00f6<\/strong><strong>ntemi ve Hukuki Sebebi<\/strong><\/p>\n\n\n\n<p>Ki\u015fisel verileriniz, internet sitemiz \u00fczerinden elektronik ortamda veya fiziki ortamda toplama y\u00f6ntemleriyle elde edilmektedir. Ki\u015fisel verileriniz, KVKK&#8217;n\u0131n 5. ve 6. maddelerinde belirtilen hukuki sebepler do\u011frultusunda i\u015flenmektedir.<\/p>\n\n\n\n<p><strong>5. Ki\u015fisel Veri Sahiplerinin Haklar\u0131<\/strong><\/p>\n\n\n\n<p>KVKK&#8217;n\u0131n 11. maddesi uyar\u0131nca ki\u015fisel veri sahipleri;<\/p>\n\n\n\n<ul class=\"wp-block-list\">\n<li>Ki\u015fisel verilerinizin i\u015flenip i\u015flenmedi\u011fini \u00f6\u011frenme,<\/li>\n\n\n\n<li>Ki\u015fisel verileriniz i\u015flenmi\u015fse buna ili\u015fkin bilgi talep etme,<\/li>\n\n\n\n<li>Ki\u015fisel verilerinizin i\u015flenme amac\u0131n\u0131 ve bunlar\u0131n amac\u0131na uygun kullan\u0131l\u0131p kullan\u0131lmad\u0131\u011f\u0131n\u0131 \u00f6\u011frenme,<\/li>\n\n\n\n<li>Yurt i\u00e7inde veya yurt d\u0131\u015f\u0131nda ki\u015fisel verilerinizin aktar\u0131ld\u0131\u011f\u0131 \u00fc\u00e7\u00fcnc\u00fc ki\u015fileri bilme,<\/li>\n\n\n\n<li>Ki\u015fisel verilerinizin eksik veya yanl\u0131\u015f i\u015flenmi\u015f olmas\u0131 halinde bunlar\u0131n d\u00fczeltilmesini isteme,<\/li>\n\n\n\n<li>KVKK\u2019n\u0131n 7. maddesinde\u00a0\u00f6ng\u00f6r\u00fclen\u00a0\u015fartlar \u00e7er\u00e7evesinde ki\u015fisel verilerinizin silinmesini veya yok edilmesini isteme,<\/li>\n\n\n\n<li>Ki\u015fisel verilerinizin d\u00fczeltilmesi, silinmesi veya yok edilmesi i\u015flemlerinin, ki\u015fisel verilerinizin aktar\u0131ld\u0131\u011f\u0131 \u00fc\u00e7\u00fcnc\u00fc ki\u015filere bildirilmesini isteme,<\/li>\n\n\n\n<li>\u0130\u015flenen verilerin m\u00fcnhas\u0131ran otomatik sistemler vas\u0131tas\u0131yla analiz edilmesi suretiyle aleyhinize bir sonucun ortaya \u00e7\u0131kmas\u0131na itiraz etme,<\/li>\n\n\n\n<li>Ki\u015fisel verilerinizin kanuna ayk\u0131r\u0131 olarak i\u015flenmesi sebebiyle zarara u\u011framan\u0131z halinde zarar\u0131n giderilmesini talep etme,<\/li>\n<\/ul>\n\n\n\n<p>haklar\u0131na sahiptir.<\/p>\n\n\n\n<p><strong>6. \u0130leti\u015fim<\/strong><\/p>\n\n\n\n<p>Ki\u015fisel verilerinizle ilgili hak ve taleplerinizi iletmek i\u00e7in a\u015fa\u011f\u0131daki ileti\u015fim bilgilerini kullanabilirsiniz:<\/p>\n\n\n\n<p><strong>Studio Nera Tasar<\/strong><strong>\u0131m Ticaret Limited \u015eirketi<\/strong><br>Adres: Esentepe mah Talatpasa cad no 5\/1 Sisli\/Istanbul<br>Telefon: 0 537 450 6464 &#8211; 0 539 599 79 05<\/p>\n\n\n\n<p>E-mail: info@studionera.com<\/p>","protected":false},"excerpt":{"rendered":"<p>KVKK K\u0130\u015e\u0130SEL VER\u0130LER\u0130N KORUNMASI HAKKINDA AYDINLATMA METN\u0130 1. Veri Sorumlusu ve Temsilcisi Bu ayd\u0131nlatma metni, 6698 say\u0131l\u0131 Ki\u015fisel Verilerin Korunmas\u0131 Kanunu (&#8220;KVKK&#8221;) uyar\u0131nca, ki\u015fisel verilerinizin nas\u0131l i\u015flendi\u011fine dair bilgi vermek amac\u0131yla haz\u0131rlanm\u0131\u015ft\u0131r. Ki\u015fisel verileriniz, veri sorumlusu s\u0131fat\u0131yla&nbsp;Studio Nera Tasar\u0131m Ticaret Limited \u015eirketi&nbsp;taraf\u0131ndan a\u015fa\u011f\u0131da a\u00e7\u0131klanan kapsamda i\u015flenebilecektir. 2. Ki\u015fisel Verilerin \u0130\u015flenme Amac\u0131 Ki\u015fisel verileriniz, internet sitemiz [&hellip;]<\/p>\n","protected":false},"author":2,"featured_media":0,"parent":0,"menu_order":0,"comment_status":"closed","ping_status":"closed","template":"","meta":{"footnotes":""},"class_list":["post-9876","page","type-page","status-publish","hentry"],"_links":{"self":[{"href":"https:\/\/studionera.com\/en\/wp-json\/wp\/v2\/pages\/9876","targetHints":{"allow":["GET"]}}],"collection":[{"href":"https:\/\/studionera.com\/en\/wp-json\/wp\/v2\/pages"}],"about":[{"href":"https:\/\/studionera.com\/en\/wp-json\/wp\/v2\/types\/page"}],"author":[{"embeddable":true,"href":"https:\/\/studionera.com\/en\/wp-json\/wp\/v2\/users\/2"}],"replies":[{"embeddable":true,"href":"https:\/\/studionera.com\/en\/wp-json\/wp\/v2\/comments?post=9876"}],"version-history":[{"count":1,"href":"https:\/\/studionera.com\/en\/wp-json\/wp\/v2\/pages\/9876\/revisions"}],"predecessor-version":[{"id":9877,"href":"https:\/\/studionera.com\/en\/wp-json\/wp\/v2\/pages\/9876\/revisions\/9877"}],"wp:attachment":[{"href":"https:\/\/studionera.com\/en\/wp-json\/wp\/v2\/media?parent=9876"}],"curies":[{"name":"wp","href":"https:\/\/api.w.org\/{rel}","templated":true}]}}