{"id":9880,"date":"2024-07-19T18:58:17","date_gmt":"2024-07-19T18:58:17","guid":{"rendered":"http:\/\/studionera.com\/?page_id=9880"},"modified":"2024-07-19T19:04:40","modified_gmt":"2024-07-19T19:04:40","slug":"iade-ve-degisim-politikasi","status":"publish","type":"page","link":"https:\/\/studionera.com\/en\/iade-ve-degisim-politikasi\/","title":{"rendered":"\u0130ade ve De\u011fi\u015fim Politikas\u0131"},"content":{"rendered":"<p><strong>1. \u0130<\/strong><strong>ade Ko<\/strong><strong>\u015fullar\u0131<\/strong><\/p>\n\n\n\n<p>M\u00fc\u015fterilerimiz, sat\u0131n ald\u0131klar\u0131 \u00fcr\u00fcnleri teslim ald\u0131klar\u0131 tarihten itibaren 14 g\u00fcn i\u00e7inde iade edebilirler. \u0130ade i\u015flemlerinin kabul edilebilmesi i\u00e7in a\u015fa\u011f\u0131daki ko\u015fullar\u0131n yerine getirilmi\u015f olmas\u0131 gerekmektedir:<\/p>\n\n\n\n<ul class=\"wp-block-list\">\n<li>\u00dcr\u00fcn kullan\u0131lmam\u0131\u015f ve tekrar sat\u0131labilir durumda olmal\u0131d\u0131r.<\/li>\n\n\n\n<li>\u00dcr\u00fcn orijinal ambalaj\u0131nda, etiketleri \u00e7\u0131kar\u0131lmam\u0131\u015f\u00a0ve t\u00fcm aksesuarlar\u0131yla birlikte olmal\u0131d\u0131r.<\/li>\n\n\n\n<li>\u0130ade talebi, iade formu doldurularak veya m\u00fc\u015fteri hizmetlerimize e-posta yoluyla (info@studionera.com) bildirilmelidir.<\/li>\n\n\n\n<li>Fatura asl\u0131 ve iade sebebini belirten bir not ile birlikte \u00fcr\u00fcn g\u00f6nderilmelidir.<\/li>\n<\/ul>\n\n\n\n<p><strong>2. \u0130<\/strong><strong>ade S<\/strong><strong>\u00fc<\/strong><strong>reci<\/strong><strong><\/strong><\/p>\n\n\n\n<ul class=\"wp-block-list\">\n<li>\u0130ade talebiniz onayland\u0131ktan sonra, \u00fcr\u00fcn\u00fcn\u00fcz\u00fc bize g\u00f6ndermeniz i\u00e7in gerekli bilgiler taraf\u0131n\u0131za iletilecektir.<\/li>\n\n\n\n<li>\u00dcr\u00fcn\u00fcn\u00fcz taraf\u0131m\u0131za ula\u015ft\u0131ktan sonra, gerekli kontroller yap\u0131lacak ve iade ko\u015fullar\u0131na uygunlu\u011fu do\u011frulanacakt\u0131r.<\/li>\n\n\n\n<li>\u0130ade onayland\u0131\u011f\u0131nda,\u00a0\u00f6demeniz 10 i\u015f g\u00fcn\u00fc i\u00e7inde taraf\u0131n\u0131za yap\u0131lacakt\u0131r. \u00d6deme, \u00fcr\u00fcn\u00fcn sat\u0131n al\u0131rken kullan\u0131lan\u00a0\u00f6deme y\u00f6ntemiyle ger\u00e7ekle\u015ftirilecektir.<\/li>\n<\/ul>\n\n\n\n<p><strong>3. De\u011fi\u015f<\/strong><strong>im Ko<\/strong><strong>\u015fullar\u0131<\/strong><\/p>\n\n\n\n<ul class=\"wp-block-list\">\n<li>De\u011fi\u015fim talepleri, \u00fcr\u00fcn teslim tarihinden itibaren 14 g\u00fcn i\u00e7inde yap\u0131lmal\u0131d\u0131r.<\/li>\n\n\n\n<li>De\u011fi\u015ftirilmek istenen \u00fcr\u00fcn kullan\u0131lmam\u0131\u015f, orijinal ambalaj\u0131nda ve t\u00fcm aksesuarlar\u0131yla birlikte olmal\u0131d\u0131r.<\/li>\n\n\n\n<li>De\u011fi\u015fim talebi, de\u011fi\u015fim formu doldurularak veya m\u00fc\u015fteri hizmetlerimize e-posta yoluyla (info@studionera.com) bildirilmelidir.<\/li>\n\n\n\n<li>Fatura asl\u0131 ve de\u011fi\u015fim sebebini belirten bir not ile birlikte \u00fcr\u00fcn g\u00f6nderilmelidir.<\/li>\n<\/ul>\n\n\n\n<p><strong>4. De\u011fi\u015f<\/strong><strong>im S<\/strong><strong>\u00fc<\/strong><strong>reci<\/strong><strong><\/strong><\/p>\n\n\n\n<ul class=\"wp-block-list\">\n<li>De\u011fi\u015fim talebiniz onayland\u0131ktan sonra, \u00fcr\u00fcn\u00fcn\u00fcz\u00fc bize g\u00f6ndermeniz i\u00e7in gerekli bilgiler taraf\u0131n\u0131za iletilecektir.<\/li>\n\n\n\n<li>\u00dcr\u00fcn\u00fcn\u00fcz taraf\u0131m\u0131za ula\u015ft\u0131ktan sonra, gerekli kontroller yap\u0131lacak ve de\u011fi\u015fim ko\u015fullar\u0131na uygunlu\u011fu do\u011frulanacakt\u0131r.<\/li>\n\n\n\n<li>De\u011fi\u015fim onayland\u0131\u011f\u0131nda, talep etti\u011finiz yeni \u00fcr\u00fcn 7 i\u015f g\u00fcn\u00fc i\u00e7inde taraf\u0131n\u0131za g\u00f6nderilecektir.<\/li>\n<\/ul>\n\n\n\n<p><strong>5. \u0130ade ve De\u011fi\u015f<\/strong><strong>im Kargo&nbsp;<\/strong><strong>\u00dc<\/strong><strong>cretleri<\/strong><\/p>\n\n\n\n<ul class=\"wp-block-list\">\n<li>\u00dcr\u00fcn\u00fcn iadesi veya de\u011fi\u015fimi s\u0131ras\u0131nda olu\u015fabilecek kargo masraflar\u0131, iade ve de\u011fi\u015fim sebebine ba\u011fl\u0131 olarak m\u00fc\u015fteriye veya firmam\u0131za ait olabilir:<ul><li>\u00dcr\u00fcnde \u00fcretim hatas\u0131 veya yanl\u0131\u015f \u00fcr\u00fcn g\u00f6nderimi gibi durumlarda kargo \u00fccretleri firmam\u0131z taraf\u0131ndan kar\u015f\u0131lanacakt\u0131r.<\/li><\/ul>\n<ul class=\"wp-block-list\">\n<li>Di\u011fer iade ve de\u011fi\u015fim taleplerinde kargo \u00fccretleri m\u00fc\u015fteriye aittir.<\/li>\n<\/ul>\n<\/li>\n<\/ul>\n\n\n\n<p><strong>6. \u0130leti\u015fim<\/strong><\/p>\n\n\n\n<p>\u0130ade ve de\u011fi\u015fim taleplerinizle ilgili her t\u00fcrl\u00fc soru ve bilgi i\u00e7in bizimle ileti\u015fime ge\u00e7ebilirsiniz:<\/p>\n\n\n\n<p><strong>Studio Nera Tasar<\/strong><strong>\u0131m Ticaret Limited \u015eirketi<\/strong><br>Adres: Esentepe Mah. Talatpa\u015fa Cad. No: 5\/1 \u015ei\u015fli\/\u0130stanbul<br>Telefon: 0 537 450 64 64 &#8211; 0 539 599 79 05<br>E-mail: info@studionera.com<\/p>","protected":false},"excerpt":{"rendered":"<p>1. \u0130ade Ko\u015fullar\u0131 M\u00fc\u015fterilerimiz, sat\u0131n ald\u0131klar\u0131 \u00fcr\u00fcnleri teslim ald\u0131klar\u0131 tarihten itibaren 14 g\u00fcn i\u00e7inde iade edebilirler. \u0130ade i\u015flemlerinin kabul edilebilmesi i\u00e7in a\u015fa\u011f\u0131daki ko\u015fullar\u0131n yerine getirilmi\u015f olmas\u0131 gerekmektedir: 2. \u0130ade S\u00fcreci 3. De\u011fi\u015fim Ko\u015fullar\u0131 4. De\u011fi\u015fim S\u00fcreci 5. \u0130ade ve De\u011fi\u015fim Kargo&nbsp;\u00dccretleri 6. \u0130leti\u015fim \u0130ade ve de\u011fi\u015fim taleplerinizle ilgili her t\u00fcrl\u00fc soru ve bilgi i\u00e7in bizimle [&hellip;]<\/p>\n","protected":false},"author":2,"featured_media":0,"parent":0,"menu_order":0,"comment_status":"closed","ping_status":"closed","template":"","meta":{"footnotes":""},"class_list":["post-9880","page","type-page","status-publish","hentry"],"_links":{"self":[{"href":"https:\/\/studionera.com\/en\/wp-json\/wp\/v2\/pages\/9880","targetHints":{"allow":["GET"]}}],"collection":[{"href":"https:\/\/studionera.com\/en\/wp-json\/wp\/v2\/pages"}],"about":[{"href":"https:\/\/studionera.com\/en\/wp-json\/wp\/v2\/types\/page"}],"author":[{"embeddable":true,"href":"https:\/\/studionera.com\/en\/wp-json\/wp\/v2\/users\/2"}],"replies":[{"embeddable":true,"href":"https:\/\/studionera.com\/en\/wp-json\/wp\/v2\/comments?post=9880"}],"version-history":[{"count":2,"href":"https:\/\/studionera.com\/en\/wp-json\/wp\/v2\/pages\/9880\/revisions"}],"predecessor-version":[{"id":9886,"href":"https:\/\/studionera.com\/en\/wp-json\/wp\/v2\/pages\/9880\/revisions\/9886"}],"wp:attachment":[{"href":"https:\/\/studionera.com\/en\/wp-json\/wp\/v2\/media?parent=9880"}],"curies":[{"name":"wp","href":"https:\/\/api.w.org\/{rel}","templated":true}]}}