{"id":1428,"date":"2022-12-12T15:21:02","date_gmt":"2022-12-12T15:21:02","guid":{"rendered":"https:\/\/hiroshi.qodeinteractive.com\/?post_type=product&#038;p=1428"},"modified":"2025-01-06T10:52:36","modified_gmt":"2025-01-06T10:52:36","slug":"arcus","status":"publish","type":"product","link":"https:\/\/studionera.com\/en\/product\/arcus\/","title":{"rendered":"Arcus Chair"},"content":{"rendered":"<p>The Arcus Chair combines the grandeur of classical architecture with modern minimalist design. Its arched backrest and broad, rounded seat, supported by sturdy cylindrical legs, create a striking visual form. Crafted from stainless steel, this chair is an exquisite addition to any space, perfect for artistic interiors. The Arcus Chair serves as both a functional object and a piece of sculptural art.<\/p>","protected":false},"excerpt":{"rendered":"<p>Arcus Chair, klasik mimarinin ihti\u015fam\u0131n\u0131 modern minimalist tasar\u0131mla birle\u015ftirir. Kavisli s\u0131rt dayana\u011f\u0131 ve geni\u015f, yuvarlak oturma yeri, sa\u011flam silindirik ayaklarla desteklenerek \u00e7arp\u0131c\u0131 bir g\u00f6rsel form olu\u015fturur. Paslanmaz \u00e7elikten \u00fcretilen bu sandalye, sanatsal i\u00e7 mekanlar i\u00e7in m\u00fckemmel bir ek olup her mekana zarif bir dokunu\u015f katar. Arcus Chair, hem i\u015flevsel bir nesne hem de heykelsi bir [&hellip;]<\/p>\n","protected":false},"featured_media":9924,"template":"","meta":[],"product_brand":[],"product_cat":[15],"product_tag":[],"class_list":{"0":"post-1428","1":"product","2":"type-product","3":"status-publish","4":"has-post-thumbnail","6":"product_cat-opus-collection","8":"first","9":"instock","10":"shipping-taxable","11":"purchasable","12":"product-type-simple"},"_links":{"self":[{"href":"https:\/\/studionera.com\/en\/wp-json\/wp\/v2\/product\/1428","targetHints":{"allow":["GET"]}}],"collection":[{"href":"https:\/\/studionera.com\/en\/wp-json\/wp\/v2\/product"}],"about":[{"href":"https:\/\/studionera.com\/en\/wp-json\/wp\/v2\/types\/product"}],"wp:featuredmedia":[{"embeddable":true,"href":"https:\/\/studionera.com\/en\/wp-json\/wp\/v2\/media\/9924"}],"wp:attachment":[{"href":"https:\/\/studionera.com\/en\/wp-json\/wp\/v2\/media?parent=1428"}],"wp:term":[{"taxonomy":"product_brand","embeddable":true,"href":"https:\/\/studionera.com\/en\/wp-json\/wp\/v2\/product_brand?post=1428"},{"taxonomy":"product_cat","embeddable":true,"href":"https:\/\/studionera.com\/en\/wp-json\/wp\/v2\/product_cat?post=1428"},{"taxonomy":"product_tag","embeddable":true,"href":"https:\/\/studionera.com\/en\/wp-json\/wp\/v2\/product_tag?post=1428"}],"curies":[{"name":"wp","href":"https:\/\/api.w.org\/{rel}","templated":true}]}}