{"id":1437,"date":"2022-12-12T15:30:19","date_gmt":"2022-12-12T15:30:19","guid":{"rendered":"https:\/\/hiroshi.qodeinteractive.com\/?post_type=product&#038;p=1437"},"modified":"2025-01-06T10:51:24","modified_gmt":"2025-01-06T10:51:24","slug":"ascend","status":"publish","type":"product","link":"https:\/\/studionera.com\/en\/product\/ascend\/","title":{"rendered":"Ascend Chair"},"content":{"rendered":"<p>The Ascend Chair embodies vertical elegance and sophistication, designed to captivate the eye and elevate any space. Its tall, slender backrest symbolizes aspiration, while the round seat and elongated legs provide a striking visual appeal. Made from stainless steel, the Ascend Chair is a perfect prop for editorial photo shoots and fashion displays, highlighting the harmony of form and innovative design.<\/p>","protected":false},"excerpt":{"rendered":"<p>Ascend Chair, dikey zarafeti ve sofistikeli\u011fi b\u00fcnyesinde bar\u0131nd\u0131r\u0131r, g\u00f6z\u00fc yakalamak ve her mekan\u0131 y\u00fckseltmek i\u00e7in tasarlanm\u0131\u015ft\u0131r. Uzun ve ince s\u0131rt dayana\u011f\u0131, arzu ve hedefleri simgelerken, yuvarlak oturma yeri ve uzun bacaklar\u0131 \u00e7arp\u0131c\u0131 bir g\u00f6rsel \u00e7ekicilik sunar. Paslanmaz \u00e7elikten \u00fcretilen Ascend Chair, form ve yenilik\u00e7i tasar\u0131m\u0131n uyumunu vurgulayarak, mekan\u0131n\u0131za zarafet ve modernlik katarak, her ortamda dikkat [&hellip;]<\/p>\n","protected":false},"featured_media":9908,"template":"","meta":[],"product_brand":[],"product_cat":[15],"product_tag":[],"class_list":{"0":"post-1437","1":"product","2":"type-product","3":"status-publish","4":"has-post-thumbnail","6":"product_cat-opus-collection","8":"first","9":"instock","10":"shipping-taxable","11":"purchasable","12":"product-type-simple"},"_links":{"self":[{"href":"https:\/\/studionera.com\/en\/wp-json\/wp\/v2\/product\/1437","targetHints":{"allow":["GET"]}}],"collection":[{"href":"https:\/\/studionera.com\/en\/wp-json\/wp\/v2\/product"}],"about":[{"href":"https:\/\/studionera.com\/en\/wp-json\/wp\/v2\/types\/product"}],"wp:featuredmedia":[{"embeddable":true,"href":"https:\/\/studionera.com\/en\/wp-json\/wp\/v2\/media\/9908"}],"wp:attachment":[{"href":"https:\/\/studionera.com\/en\/wp-json\/wp\/v2\/media?parent=1437"}],"wp:term":[{"taxonomy":"product_brand","embeddable":true,"href":"https:\/\/studionera.com\/en\/wp-json\/wp\/v2\/product_brand?post=1437"},{"taxonomy":"product_cat","embeddable":true,"href":"https:\/\/studionera.com\/en\/wp-json\/wp\/v2\/product_cat?post=1437"},{"taxonomy":"product_tag","embeddable":true,"href":"https:\/\/studionera.com\/en\/wp-json\/wp\/v2\/product_tag?post=1437"}],"curies":[{"name":"wp","href":"https:\/\/api.w.org\/{rel}","templated":true}]}}